{"id":831,"date":"2024-08-08T23:35:08","date_gmt":"2024-08-08T21:35:08","guid":{"rendered":"http:\/\/localhost:8080\/?page_id=831"},"modified":"2024-08-08T23:53:28","modified_gmt":"2024-08-08T21:53:28","slug":"norme-contrattuali","status":"publish","type":"page","link":"https:\/\/naturwoll.com\/it\/norme-contrattuali\/","title":{"rendered":"Norme contrattuali"},"content":{"rendered":"<h3 class=\"wp-block-heading\">Art. 1 Validit\u00e0<\/h3><p>Per le ordinazioni online di articoli della ditta Naturwoll dal sito www.naturwoll.com si applicano esclusivamente le presenti norme contrattuali nella versione valida al momento dell\u2019ordinazione.<br>Il testo pu\u00f2 essere scaricato e stampato dal cliente. Naturwoll non riconosce variazioni da parte del cliente a meno che Naturwoll non abbia accettato per iscritto la loro validit\u00e0.<\/p><h3 class=\"wp-block-heading\">Art. 2 Conclusione del contratto e diritto di recesso<\/h3><p>Tutti i dati su merci e prezzi all\u2019interno del processo di ordinazione sono da intendersi salvo errori.<br>Il contratto tra Naturwoll e il cliente si perfeziona tramite l\u2019ordinazione del cliente e l\u2019accettazione da parte di Naturwoll. L\u2019ordinazione da parte del cliente avviene tramite la trasmissione del modulo di ordinazione inserito sul sito della ditta Naturwoll completato in tutte le sue parti. Naturwoll accetta l\u2019ordinazione tramite l\u2019invio automatico di un\u2019accettazione dell\u2019ordinazione via e-mail al cliente.<br>Il diritto alla consegna sorge solo con l\u2019accettazione dell\u2019ordinazione.<br>Naturwoll si riserva il diritto di retrocedere dal contratto. In tal caso il cliente ne sar\u00e0 informato per iscritto entro il termine di consegna tramite fax o e-mail. I pagamenti eventualmente gi\u00e0 avvenuti saranno rimborsati.<\/p><p>Il cliente pu\u00f2 retrocedere dal contratto di vendita tramite notifica scritta entro 14 giorni dal ricevimento della merce, senza motivazione e senza spese aggiuntive, e il prezzo di acquisto gli sar\u00e0 rimborsato senza spese.<br>Le spese per l\u2019invio della merce restituita sono a carico del cliente.<br>La merce non deve essere stata utilizzata, deve essere in condizioni impeccabili e nella confezione originale.<br>Si prega di allegare assolutamente una copia della fattura e di citare i motivi per la restituzione, affinch\u00e9 in futuro possiamo venire meglio incontro alle esigenze dei nostri clienti.<br>Per cambiare la merce, basta fare una restituzione e ordinare online un nuovo articolo.<br>Alla voce \u201cannotazioni\u201d Inserire che si tratta di un cambio e quale prodotto intendete cambiare.<br>Per tappeti e lavorazioni su misura non \u00e8 previsto un diritto di cambio o recessione da parte del cliente.<\/p><h3 class=\"wp-block-heading\">Art. 3 Spedizione<\/h3><p>Se non \u00e8 stato accordato diversamente la consegna avviene dal magazzino all\u2019indirizzo fornito dal cliente.<br>Il rischio passa al cliente nel momento in cui la merce passa da Naturwoll o un loro incaricato al vettore, anche quando si tratta di consegne parziali.<br>I prodotti disponibili in magazzino vengono consegnati entro 40 giorni dall\u2019accettazione dell\u2019ordinazione. Per i prodotti non disponibili in magazzino o produzioni su misura nonch\u00e9 per tutti i tappeti il termine di consegna \u00e8 di max. 90 giorni. Se nonostante i nostri sforzi di consegnare la merce al pi\u00f9 presto dovessero esserci dilazioni vi informeremo immediatamente.<\/p><h3 class=\"wp-block-heading\">Art. 4 Spese di spedizione<\/h3><p>Naturwoll consegna esclusivamente in Italia, Austria e Germania.<br>Naturwoll addebita al cliente solo una parte delle effettive spese di spedizione, il resto \u00e8 pagato dall\u2019azienda.<br>Spese di spedizione per Germania Austria: pauschal 10,00 \u20ac<br>Spese di spedizione per la provincia di Bolzano: pauschal 6,00 \u20ac<br>Spese di spedizione per l\u2019Italia (escl. Prov. BZ): pauschal 10,00 \u20ac<br>La spedizione avviene esclusivamente tramite corriere<\/p><h3 class=\"wp-block-heading\">Art. 5 Scadenza e pagamento, mora<\/h3><p>Il prezzo di acquisto deve essere corrisposto al momento dell\u2019ordinazione. Si applicano i prezzi validi al momento dell\u2019ordinazione.<br>I pagamenti devono avvenire tramite una delle forme offerte sul modulo di ordinazione online.<\/p><h4 class=\"wp-block-heading\">Carta di credito:<\/h4><p>Ai proprietari di carta di credito offriamo un sistema di pagamento relativamente sicuro. L&#8217;addebito viene effettuato quando l&#8217;ordine viene confermato da noi.<\/p><h4 class=\"wp-block-heading\">Pagamento Paypal:<\/h4><p>Ai proprietari di PayPal offriamo un sistema di pagamento relativamente sicuro.<br>L&#8217;addebito viene effettuato quando l&#8217;ordine viene confermato da noi.<\/p><h3 class=\"wp-block-heading\">Art. 6 Riservato dominio<\/h3><p>Fino al completo pagamento di tutti i corrispettivi dovuti dal cliente la merce consegnata rimane propriet\u00e0 di Naturwoll.<\/p><h3 class=\"wp-block-heading\">Art. 7 Garanzia sui difetti e responsabilit\u00e0<\/h3><p>Le immagini dei prodotti non sempre corrispondono esattamente al prodotto consegnato. Possono verificarsi variazioni minime sul colore causate dall\u2019utilizzo esclusivo di colori naturali. Possono inoltre verificarsi variazioni delle misure fino a max. 3%. Ogni tipo di reclamo deve essere notificato per iscritto entro 8 giorni dal ricevimento della merce con una descrizione completa di tutti i singoli difetti. I difetti reclamati saranno verificati e se giustificati saranno eliminati oppure il prodotto sar\u00e0 sostituito con uno equivalente. Sono esclusi diritti ulteriori. Per i difetti di merce consegnata da Naturwoll all\u2019interno dell\u2019UE, Naturwoll risponde a norma delle disposizioni sull\u2019acquisto di beni di consumo.<\/p><h3 class=\"wp-block-heading\">Art. 8 Privacy<\/h3><p>Naturwoll utilizza i dati dei clienti esclusivamente per gli scopi relativi al contratto, alla contabilit\u00e0 e alla banca dati dei clienti nonch\u00e9 per rispondere alle esigenze di legge e alle disposizioni delle autorit\u00e0, e per la trasmissione di materiale pubblicitario e informativo e per lo studio del mercato, nell\u2019ambito e nel rispetto della legge sulla privacy n. 675\/96.<br>Il cliente conferma di essere stato informato sulle modalit\u00e0 di trattamento nonch\u00e9 sui suoi diritti in base all\u2019Art. 13 della legge 675\/96 e successive modifiche. Tramite l\u2019accettazione digitale di queste norme contrattuali il cliente conferma esplicitamente di aver ottenuto le informazioni di cui sopra e acconsente al trattamento dei suoi dati ai sensi dell\u2019art. 11 e dell\u2019art. 20 , compresa la loro trasmissione e diffusione tramite questo possessore e\/o il responsabile nell\u2019ambito della suddetta informazione.<br>In tutte le transazioni tramite carta di credito i dati saranno codificati tramite il Secure Socket Layers, il sistema di codificazione SSL.<\/p><h3 class=\"wp-block-heading\">Art. 9 Diritto e foro competente<\/h3><p>Foro di competenza esclusivo \u00e8 la sede della ditta Naturwoll, con sede a Val di Funes (Provincia Bolzano &#8211; Italia), dati precisi e registrazione Camera di Commercio, di conseguenza il Tribunale di Bolzano.<br>Per i rapporti contrattuali delle parti si applica esclusivamente il diritto italiano con esclusione delle norme del diritto di compravendita delle NU<\/p>","protected":false},"excerpt":{"rendered":"<p>Art. 1 Validit\u00e0 Per le ordinazioni online di articoli della ditta Naturwoll dal sito www.naturwoll.com si applicano esclusivamente le presenti norme contrattuali nella versione valida al momento dell\u2019ordinazione.Il testo pu\u00f2 &#8230;<\/p>\n","protected":false},"author":1,"featured_media":0,"parent":0,"menu_order":0,"comment_status":"closed","ping_status":"closed","template":"","meta":{"footnotes":""},"class_list":["post-831","page","type-page","status-publish","hentry"],"_links":{"self":[{"href":"https:\/\/naturwoll.com\/it\/wp-json\/wp\/v2\/pages\/831","targetHints":{"allow":["GET"]}}],"collection":[{"href":"https:\/\/naturwoll.com\/it\/wp-json\/wp\/v2\/pages"}],"about":[{"href":"https:\/\/naturwoll.com\/it\/wp-json\/wp\/v2\/types\/page"}],"author":[{"embeddable":true,"href":"https:\/\/naturwoll.com\/it\/wp-json\/wp\/v2\/users\/1"}],"replies":[{"embeddable":true,"href":"https:\/\/naturwoll.com\/it\/wp-json\/wp\/v2\/comments?post=831"}],"version-history":[{"count":1,"href":"https:\/\/naturwoll.com\/it\/wp-json\/wp\/v2\/pages\/831\/revisions"}],"predecessor-version":[{"id":832,"href":"https:\/\/naturwoll.com\/it\/wp-json\/wp\/v2\/pages\/831\/revisions\/832"}],"wp:attachment":[{"href":"https:\/\/naturwoll.com\/it\/wp-json\/wp\/v2\/media?parent=831"}],"curies":[{"name":"wp","href":"https:\/\/api.w.org\/{rel}","templated":true}]}}