{"id":1054,"date":"2024-08-08T22:47:37","date_gmt":"2024-08-08T20:47:37","guid":{"rendered":"https:\/\/naturwoll.com\/shop\/lana-per-maglieria\/"},"modified":"2025-11-26T21:02:28","modified_gmt":"2025-11-26T20:02:28","slug":"lana-per-maglieria","status":"publish","type":"product","link":"https:\/\/naturwoll.com\/it\/shop\/lana-per-maglieria\/","title":{"rendered":"Lana per maglieria"},"content":{"rendered":"<p>100 g: 10 \u20ac<\/p>\n<p>Laufl\u00e4nge 100g ca. 180m<\/p>\n<p>f\u00fcr einen Pullover ben\u00f6tigt man ca.<\/p>\n<p>DamenPullover 800g,<\/p>\n<p>HerrenPullover 900g<\/p>\n<p>F\u00fcr eine HerrenJacke -links -links gestrickt ca. 1.200g<\/p>\n<p>F\u00fcr eine HerrenJacke -links -links gestrickt ca. 1.100g<\/p>\n<p>f\u00fcr ein Paar Socken 200g<\/p>\n<p>f\u00fcr eine M\u00fctze 100g<\/p>\n","protected":false},"excerpt":{"rendered":"<p>100 g: 10 \u20ac Laufl\u00e4nge 100g ca. 180m f\u00fcr einen Pullover ben\u00f6tigt man ca. DamenPullover 800g, HerrenPullover 900g F\u00fcr eine HerrenJacke -links -links gestrickt ca. 1.200g F\u00fcr eine HerrenJacke -links &#8230;<\/p>\n","protected":false},"featured_media":998,"template":"","meta":[],"product_cat":[92],"product_tag":[],"class_list":{"0":"post-1054","1":"product","2":"type-product","3":"status-publish","4":"has-post-thumbnail","6":"product_cat-a-maglia","8":"first","9":"instock","10":"shipping-taxable","11":"purchasable","12":"product-type-variable"},"_links":{"self":[{"href":"https:\/\/naturwoll.com\/it\/wp-json\/wp\/v2\/product\/1054","targetHints":{"allow":["GET"]}}],"collection":[{"href":"https:\/\/naturwoll.com\/it\/wp-json\/wp\/v2\/product"}],"about":[{"href":"https:\/\/naturwoll.com\/it\/wp-json\/wp\/v2\/types\/product"}],"wp:featuredmedia":[{"embeddable":true,"href":"https:\/\/naturwoll.com\/it\/wp-json\/wp\/v2\/media\/998"}],"wp:attachment":[{"href":"https:\/\/naturwoll.com\/it\/wp-json\/wp\/v2\/media?parent=1054"}],"wp:term":[{"taxonomy":"product_cat","embeddable":true,"href":"https:\/\/naturwoll.com\/it\/wp-json\/wp\/v2\/product_cat?post=1054"},{"taxonomy":"product_tag","embeddable":true,"href":"https:\/\/naturwoll.com\/it\/wp-json\/wp\/v2\/product_tag?post=1054"}],"curies":[{"name":"wp","href":"https:\/\/api.w.org\/{rel}","templated":true}]}}