{"id":1140,"date":"2024-08-08T22:48:25","date_gmt":"2024-08-08T20:48:25","guid":{"rendered":"https:\/\/naturwoll.com\/shop\/pantofole-in-feltro\/"},"modified":"2024-08-08T22:48:25","modified_gmt":"2024-08-08T20:48:25","slug":"pantofole-in-feltro","status":"publish","type":"product","link":"https:\/\/naturwoll.com\/it\/shop\/pantofole-in-feltro\/","title":{"rendered":"Pantofole in feltro"},"content":{"rendered":"","protected":false},"excerpt":{"rendered":"<p>Le pantofole in feltro sono realizzate in pura lana vergine di pecora, una parte significativa della quale proviene dall&#8217;Alto Adige. Le pantofole sono realizzate in Alto Adige. Il processo tradizionale permette di realizzare un prodotto finale in feltro di pura lana molto compatto e resistente. Poich\u00e9 non vengono utilizzati adesivi o altri agenti, la pantofola \u00e8 molto traspirante, trasporta molto bene l&#8217;umidit\u00e0 all&#8217;esterno, si asciuga rapidamente, neutralizza gli odori e regola in modo ideale la temperatura del piede. Per questo motivo, molti clienti li indossano anche in estate.<\/p>\n","protected":false},"featured_media":718,"template":"","meta":[],"product_cat":[84,90],"product_tag":[],"class_list":{"0":"post-1140","1":"product","2":"type-product","3":"status-publish","4":"has-post-thumbnail","6":"product_cat-feltro","7":"product_cat-pantofole","9":"first","10":"instock","11":"shipping-taxable","12":"purchasable","13":"product-type-variable"},"_links":{"self":[{"href":"https:\/\/naturwoll.com\/it\/wp-json\/wp\/v2\/product\/1140","targetHints":{"allow":["GET"]}}],"collection":[{"href":"https:\/\/naturwoll.com\/it\/wp-json\/wp\/v2\/product"}],"about":[{"href":"https:\/\/naturwoll.com\/it\/wp-json\/wp\/v2\/types\/product"}],"wp:featuredmedia":[{"embeddable":true,"href":"https:\/\/naturwoll.com\/it\/wp-json\/wp\/v2\/media\/718"}],"wp:attachment":[{"href":"https:\/\/naturwoll.com\/it\/wp-json\/wp\/v2\/media?parent=1140"}],"wp:term":[{"taxonomy":"product_cat","embeddable":true,"href":"https:\/\/naturwoll.com\/it\/wp-json\/wp\/v2\/product_cat?post=1140"},{"taxonomy":"product_tag","embeddable":true,"href":"https:\/\/naturwoll.com\/it\/wp-json\/wp\/v2\/product_tag?post=1140"}],"curies":[{"name":"wp","href":"https:\/\/api.w.org\/{rel}","templated":true}]}}