{"id":1178,"date":"2025-03-11T14:22:19","date_gmt":"2025-03-11T13:22:19","guid":{"rendered":"https:\/\/naturwoll.com\/?post_type=product&#038;p=1178"},"modified":"2025-03-11T15:07:55","modified_gmt":"2025-03-11T14:07:55","slug":"naturwoll-teppich-kopie","status":"publish","type":"product","link":"https:\/\/naturwoll.com\/it\/shop\/naturwoll-teppich-kopie\/","title":{"rendered":"NaturWoll Teppich &#8220;dicke&#8221; Ausf\u00fchrung"},"content":{"rendered":"<p>Teppiche auf Anfrage <a href=\"https:\/\/naturwoll.com\/contact#nf-form-1-cont\"><strong>hier<\/strong><\/a>.<\/p>\n","protected":false},"excerpt":{"rendered":"<p><strong>SchurwollTeppich Ausf\u00fchrung &#8220;dick&#8221; <\/strong><\/p>\n<p><strong>Der Preis betr\u00e4gt pro Quadratmeter betr\u00e4gt 298,60 \u20ac<\/strong><\/p>\n<p><strong>Jeder Teppich ist eine Ma\u00dfanfertigung und kann mittels Kontakformular bestellt werden.<\/strong><\/p>\n<p><strong>Der Teppich kann mit gewebtem Rand oder mit Fransen angefertigt werden.<\/strong><\/p>\n<p>Die abgebildeten Farbmuster entsprechen dem &#8220;d\u00fcnnen&#8221; Teppich (ca. 1 cm dicke)<\/p>\n<p>Die &#8220;dicke&#8221; Ausf\u00fchrung ist zum Vergleich zum &#8220;d\u00fcnnen&#8221; Teppich in den Bildern abgebildet.<\/p>\n<p>Und dieses Anfrageformular bezieht sich auf den &#8220;dicken&#8221; Teppich mit den selben Farbmustern wie der &#8220;d\u00fcnne&#8221; Teppich.<\/p>\n<p>Die Dicke des Teppichs ist ca. 1,50 cm<br \/>\nDer dicke Teppichfaden ist gewalkt, sodass der Teppich recht kompakt<br \/>\nund sehr strapazierf\u00e4hig ist. Die Oberfl\u00e4che ist relativ glatt,<br \/>\nsodass auch beim Saugen keine WollFasern herausgezogen werden.<br \/>\nEs empfiehlt sich den Teppich mit gewebtem Rand zu nehmen,<br \/>\nda die Fransen beim dr\u00fcbergehen dann doch nicht so sch\u00f6n gek\u00e4mmt daliegen&#8230;<br \/>\nDer gewebte Rand kann sowohl auf der kurzen Seite,<br \/>\nsowie auch auf der langen Seite angefertigt werden.<br \/>\nDie Ma\u00dfe werden immer m\u00f6glichst genau eingehalten,<br \/>\ndoch da beim Weben die Verdichtung des Wollfadens gewissen Toleranzen unterliegt,<br \/>\nm\u00fcsste man bitte in der Breite eine Toleranz von ca.\u00a0 +- 2 bis 3 cm<br \/>\neinberechnen und in der L\u00e4nge k\u00f6nnten es ca. +-3 bis 7 cm sein.<\/p>\n<p>im Schnitt sind es ca. + &#8211; 3% Ma\u00dfabweichung<br \/>\nWenn der Teppich ein Maximalma\u00df nicht \u00fcberschreiten darf,<br \/>\ndann k\u00f6nnen Sie uns das mitteilen, sodass man beim Weben<br \/>\ndie Ma\u00dfe sicher nicht \u00fcberschreitet.<br \/>\nDer Quadratmeterpreis betr\u00e4gt 298,50 \u20ac<\/p>\n<p>&nbsp;<\/p>\n","protected":false},"featured_media":1187,"template":"","meta":[],"product_cat":[16],"product_tag":[],"class_list":{"0":"post-1178","1":"product","2":"type-product","3":"status-publish","4":"has-post-thumbnail","6":"product_cat-teppiche","8":"first","9":"onbackorder","10":"shipping-taxable","11":"purchasable","12":"product-type-variable"},"_links":{"self":[{"href":"https:\/\/naturwoll.com\/it\/wp-json\/wp\/v2\/product\/1178","targetHints":{"allow":["GET"]}}],"collection":[{"href":"https:\/\/naturwoll.com\/it\/wp-json\/wp\/v2\/product"}],"about":[{"href":"https:\/\/naturwoll.com\/it\/wp-json\/wp\/v2\/types\/product"}],"wp:featuredmedia":[{"embeddable":true,"href":"https:\/\/naturwoll.com\/it\/wp-json\/wp\/v2\/media\/1187"}],"wp:attachment":[{"href":"https:\/\/naturwoll.com\/it\/wp-json\/wp\/v2\/media?parent=1178"}],"wp:term":[{"taxonomy":"product_cat","embeddable":true,"href":"https:\/\/naturwoll.com\/it\/wp-json\/wp\/v2\/product_cat?post=1178"},{"taxonomy":"product_tag","embeddable":true,"href":"https:\/\/naturwoll.com\/it\/wp-json\/wp\/v2\/product_tag?post=1178"}],"curies":[{"name":"wp","href":"https:\/\/api.w.org\/{rel}","templated":true}]}}