{"id":15,"date":"2024-08-08T22:47:36","date_gmt":"2024-08-08T20:47:36","guid":{"rendered":"http:\/\/localhost:8080\/?post_type=product&#038;p=15"},"modified":"2024-08-08T22:51:42","modified_gmt":"2024-08-08T20:51:42","slug":"zirbelsaeckchen","status":"publish","type":"product","link":"https:\/\/naturwoll.com\/it\/shop\/zirbelsaeckchen\/","title":{"rendered":"Zirbels\u00e4ckchen"},"content":{"rendered":"<p>Die Zirbels\u00e4ckchen bestehen aus einer luftdurchl\u00e4ssigen ungebleichten H\u00fclle aus<\/p>\n<p>Baumwolle. Die F\u00fcllung der S\u00e4ckchen bestehen zu 100% aus Zirbelholz.<\/p>\n","protected":false},"excerpt":{"rendered":"<p>Die Zirbels\u00e4ckchen bestehen aus einer luftdurchl\u00e4ssigen ungebleichten H\u00fclle aus Baumwolle. Die F\u00fcllung der S\u00e4ckchen bestehen zu 100% aus Zirbelholz.<\/p>\n","protected":false},"featured_media":45,"template":"","meta":[],"product_cat":[17,18],"product_tag":[],"class_list":{"0":"post-15","1":"product","2":"type-product","3":"status-publish","4":"has-post-thumbnail","6":"product_cat-kissen","7":"product_cat-zirbel","9":"first","10":"outofstock","11":"shipping-taxable","12":"purchasable","13":"product-type-variable"},"_links":{"self":[{"href":"https:\/\/naturwoll.com\/it\/wp-json\/wp\/v2\/product\/15","targetHints":{"allow":["GET"]}}],"collection":[{"href":"https:\/\/naturwoll.com\/it\/wp-json\/wp\/v2\/product"}],"about":[{"href":"https:\/\/naturwoll.com\/it\/wp-json\/wp\/v2\/types\/product"}],"wp:featuredmedia":[{"embeddable":true,"href":"https:\/\/naturwoll.com\/it\/wp-json\/wp\/v2\/media\/45"}],"wp:attachment":[{"href":"https:\/\/naturwoll.com\/it\/wp-json\/wp\/v2\/media?parent=15"}],"wp:term":[{"taxonomy":"product_cat","embeddable":true,"href":"https:\/\/naturwoll.com\/it\/wp-json\/wp\/v2\/product_cat?post=15"},{"taxonomy":"product_tag","embeddable":true,"href":"https:\/\/naturwoll.com\/it\/wp-json\/wp\/v2\/product_tag?post=15"}],"curies":[{"name":"wp","href":"https:\/\/api.w.org\/{rel}","templated":true}]}}