{"id":62,"date":"2024-08-08T22:48:02","date_gmt":"2024-08-08T20:48:02","guid":{"rendered":"http:\/\/localhost:8080\/?post_type=product&#038;p=62"},"modified":"2025-10-28T20:24:32","modified_gmt":"2025-10-28T19:24:32","slug":"glasuntersetzer","status":"publish","type":"product","link":"https:\/\/naturwoll.com\/it\/shop\/glasuntersetzer\/","title":{"rendered":"Glasuntersetzer Set (4 St.)"},"content":{"rendered":"<p>Set mit 4 St\u00fcck<\/p>\n<p>Filzst\u00e4rke: 5 mm, aus Merino-SchafSchurwolle<\/p>\n<p>Quadrat; Ma\u00dfe: 11,5 x 11,5 cm<\/p>\n<p>Herz; Ma\u00dfe: 13,5 x 11 cm<\/p>\n<p>Blume; Ma\u00dfe: 15 cm<\/p>\n<p>Blatt: Ma\u00dfe: 13 x 18 cm<\/p>\n","protected":false},"excerpt":{"rendered":"<p>Set mit 4 St\u00fcck Filzst\u00e4rke: 5 mm, aus Merino-SchafSchurwolle Quadrat; Ma\u00dfe: 11,5 x 11,5 cm Herz; Ma\u00dfe: 13,5 x 11 cm Blume; Ma\u00dfe: 15 cm Blatt: Ma\u00dfe: 13 x 18 &#8230;<\/p>\n","protected":false},"featured_media":113,"template":"","meta":[],"product_cat":[19],"product_tag":[],"class_list":{"0":"post-62","1":"product","2":"type-product","3":"status-publish","4":"has-post-thumbnail","6":"product_cat-filz","8":"first","9":"instock","10":"shipping-taxable","11":"purchasable","12":"product-type-variable"},"_links":{"self":[{"href":"https:\/\/naturwoll.com\/it\/wp-json\/wp\/v2\/product\/62","targetHints":{"allow":["GET"]}}],"collection":[{"href":"https:\/\/naturwoll.com\/it\/wp-json\/wp\/v2\/product"}],"about":[{"href":"https:\/\/naturwoll.com\/it\/wp-json\/wp\/v2\/types\/product"}],"wp:featuredmedia":[{"embeddable":true,"href":"https:\/\/naturwoll.com\/it\/wp-json\/wp\/v2\/media\/113"}],"wp:attachment":[{"href":"https:\/\/naturwoll.com\/it\/wp-json\/wp\/v2\/media?parent=62"}],"wp:term":[{"taxonomy":"product_cat","embeddable":true,"href":"https:\/\/naturwoll.com\/it\/wp-json\/wp\/v2\/product_cat?post=62"},{"taxonomy":"product_tag","embeddable":true,"href":"https:\/\/naturwoll.com\/it\/wp-json\/wp\/v2\/product_tag?post=62"}],"curies":[{"name":"wp","href":"https:\/\/api.w.org\/{rel}","templated":true}]}}