{"id":956,"date":"2024-08-08T22:48:24","date_gmt":"2024-08-08T20:48:24","guid":{"rendered":"https:\/\/naturwoll.com\/shop\/pelle-per-neonati\/"},"modified":"2024-08-08T22:48:24","modified_gmt":"2024-08-08T20:48:24","slug":"pelle-per-neonati","status":"publish","type":"product","link":"https:\/\/naturwoll.com\/it\/shop\/pelle-per-neonati\/","title":{"rendered":"Pelle per neonati"},"content":{"rendered":"<p>tosato: 70 &#8211; 80 cm<\/p>\n<p>tosato: 80 &#8211; 90 cm<\/p>\n<p>La pelle di agnello Merino \u00e8 particolarmente indicata per i neonati, poich\u00e9 le propriet\u00e0 termoregolatrici, regolatrici dell&#8217;umidit\u00e0 e autopulenti della lana di pecora hanno un effetto particolarmente benefico.<\/p>\n<p>La pelle d&#8217;agnello pu\u00f2 essere lavata con un ciclo lana a max. 30\u00b0C. <\/p>\n<p>Tira la forma quando \u00e8 umida e stendila all&#8217;ombra per farla asciugare.<\/p>\n","protected":false},"excerpt":{"rendered":"<p>tosato: 70 &#8211; 80 cm tosato: 80 &#8211; 90 cm La pelle di agnello Merino \u00e8 particolarmente indicata per i neonati, poich\u00e9 le propriet\u00e0 termoregolatrici, regolatrici dell&#8217;umidit\u00e0 e autopulenti della &#8230;<\/p>\n","protected":false},"featured_media":711,"template":"","meta":[],"product_cat":[83,87],"product_tag":[],"class_list":{"0":"post-956","1":"product","2":"type-product","3":"status-publish","4":"has-post-thumbnail","6":"product_cat-pelle","7":"product_cat-per-i-nostri-piccoli","9":"first","10":"instock","11":"shipping-taxable","12":"purchasable","13":"product-type-variable"},"_links":{"self":[{"href":"https:\/\/naturwoll.com\/it\/wp-json\/wp\/v2\/product\/956","targetHints":{"allow":["GET"]}}],"collection":[{"href":"https:\/\/naturwoll.com\/it\/wp-json\/wp\/v2\/product"}],"about":[{"href":"https:\/\/naturwoll.com\/it\/wp-json\/wp\/v2\/types\/product"}],"wp:featuredmedia":[{"embeddable":true,"href":"https:\/\/naturwoll.com\/it\/wp-json\/wp\/v2\/media\/711"}],"wp:attachment":[{"href":"https:\/\/naturwoll.com\/it\/wp-json\/wp\/v2\/media?parent=956"}],"wp:term":[{"taxonomy":"product_cat","embeddable":true,"href":"https:\/\/naturwoll.com\/it\/wp-json\/wp\/v2\/product_cat?post=956"},{"taxonomy":"product_tag","embeddable":true,"href":"https:\/\/naturwoll.com\/it\/wp-json\/wp\/v2\/product_tag?post=956"}],"curies":[{"name":"wp","href":"https:\/\/api.w.org\/{rel}","templated":true}]}}